{"id":352,"date":"2013-06-01T18:39:22","date_gmt":"2013-06-01T18:39:22","guid":{"rendered":"http:\/\/www.matiaspinto.cl\/?page_id=352"},"modified":"2024-07-07T23:07:14","modified_gmt":"2024-07-07T23:07:14","slug":"biografia","status":"publish","type":"page","link":"http:\/\/www.matiaspinto.cl\/?page_id=352","title":{"rendered":"Biograf\u00eda"},"content":{"rendered":"<div><\/div>\n<p style=\"text-align: center;\"><img loading=\"lazy\" class=\" wp-image-4617 alignleft\" src=\"http:\/\/www.matiaspinto.cl\/wp-content\/uploads\/2024\/07\/ed5b9456-262d-4024-9f36-22d500b23698.jpeg\" alt=\"\" width=\"326\" height=\"435\" srcset=\"http:\/\/www.matiaspinto.cl\/wp-content\/uploads\/2024\/07\/ed5b9456-262d-4024-9f36-22d500b23698.jpeg 1200w, http:\/\/www.matiaspinto.cl\/wp-content\/uploads\/2024\/07\/ed5b9456-262d-4024-9f36-22d500b23698-225x300.jpeg 225w, http:\/\/www.matiaspinto.cl\/wp-content\/uploads\/2024\/07\/ed5b9456-262d-4024-9f36-22d500b23698-768x1024.jpeg 768w, http:\/\/www.matiaspinto.cl\/wp-content\/uploads\/2024\/07\/ed5b9456-262d-4024-9f36-22d500b23698-1152x1536.jpeg 1152w, http:\/\/www.matiaspinto.cl\/wp-content\/uploads\/2024\/07\/ed5b9456-262d-4024-9f36-22d500b23698-555x740.jpeg 555w\" sizes=\"(max-width: 326px) 100vw, 326px\" \/><\/p>\n<p><strong>Matias Pinto Pooley<\/strong>, Es un fot\u00f3grafo de naturaleza que ha dedicado gran parte de su carrera a capturar la naturaleza en su forma m\u00e1s pura. En su infancia, Mat\u00edas viajo por muchos rincones de Chile gracias a su padre piloto de Helic\u00f3ptero. Inconscientemente fueron esos grandes viajes que lo llevaron a enamorarse de la riqueza natural de Chile.<\/p>\n<p>Con su esp\u00edritu libre y aventurero, tom\u00f3 la decisi\u00f3n de estudiar turismo de aventura y combinarlo con la fotograf\u00eda. Esta elecci\u00f3n lo llev\u00f3 a dedicarse por completo a su proyecto Ecophoto, una empresa de turismo que une el turismo sostenible y ecol\u00f3gico con la fotograf\u00eda en su estado m\u00e1s puro.<\/p>\n<p>Hoy en d\u00eda, se define como fot\u00f3grafo purista, es decir, sus fotograf\u00edas est\u00e1n libres de modificaciones mediante software, valora mas la realidad y el momento. \u201cUn trabajo bien realizado, debe salir terminado de la c\u00e1mara\u201d<\/p>\n<p>En la actualidad, desde la regi\u00f3n de la Araucan\u00eda , Mat\u00edas Pinto trabaja en proyectos enfocados al \u00e1rea de turismo (www.Ecophoto.cl), combin\u00e1ndolo laboralmente con la fotograf\u00eda de naturaleza, eventos deportivos y otros.<br \/>\nDisfruta enormemente pasar su mayor parte del tiempo fotografiando paisajes de la zona, donde su debilidad son los paisajes nevados!! Bosques milenarios a los pies de los Volcanes.<\/p>\n<p>En sus m\u00e1s destacados trabajos sobresalen especialmente los paisajes de bosques, texturas, monta\u00f1as, volcanes y cursos de agua, buscando transmitir los admirables escenarios naturales de nuestro Chile.<\/p>\n<p>&#8212;&#8212;-<\/p>\n<p>Matias Pinto Pooley is a nature photographer who has dedicated a large part of his career to capturing nature in its purest form. In his childhood, Mat\u00edas traveled to many corners of Chile thanks to his father, a helicopter pilot. Unconsciously, it was those great trips that led him to fall in love with the natural wealth of Chile.<\/p>\n<p>With his free and adventurous spirit, he made the decision to study adventure tourism and combine it with photography. This choice led him to dedicate himself completely to his Ecophoto project, a tourism company that combines sustainable and ecological tourism with photography in its purest state.<\/p>\n<p>Nowadays, he defines himself as a purist photographer, that is, his photographs are free of modifications through software, he values reality and the moment more. \u00abA well-done job should come out of the camera finished.\u00bb<\/p>\n<p>Currently, from the Araucan\u00eda region, Mat\u00edas Pinto works on projects focused on the tourism area (www.Ecophoto.cl), combining it professionally with nature photography, sporting events and others.<\/p>\n<p>He greatly enjoys spending most of his time photographing landscapes in the area, where his weakness is snowy landscapes!! Centuries-old forests at the foot of the Volcanoes.<\/p>\n<p>In his most outstanding works, the landscapes of forests, textures, mountains, volcanoes and watercourses stand out, seeking to convey the admirable natural settings of our Chile.<\/p>\n","protected":false},"excerpt":{"rendered":"<p>Matias Pinto Pooley, Es un fot\u00f3grafo de naturaleza que ha dedicado gran parte de su carrera a capturar la naturaleza en su forma m\u00e1s pura. En su infancia, Mat\u00edas viajo por muchos rincones de Chile gracias a su padre piloto de Helic\u00f3ptero. Inconscientemente fueron esos grandes viajes que lo llevaron a enamorarse de la riqueza [&hellip;]<\/p>\n","protected":false},"author":1,"featured_media":0,"parent":0,"menu_order":0,"comment_status":"open","ping_status":"open","template":"","meta":[],"_links":{"self":[{"href":"http:\/\/www.matiaspinto.cl\/index.php?rest_route=\/wp\/v2\/pages\/352"}],"collection":[{"href":"http:\/\/www.matiaspinto.cl\/index.php?rest_route=\/wp\/v2\/pages"}],"about":[{"href":"http:\/\/www.matiaspinto.cl\/index.php?rest_route=\/wp\/v2\/types\/page"}],"author":[{"embeddable":true,"href":"http:\/\/www.matiaspinto.cl\/index.php?rest_route=\/wp\/v2\/users\/1"}],"replies":[{"embeddable":true,"href":"http:\/\/www.matiaspinto.cl\/index.php?rest_route=%2Fwp%2Fv2%2Fcomments&post=352"}],"version-history":[{"count":23,"href":"http:\/\/www.matiaspinto.cl\/index.php?rest_route=\/wp\/v2\/pages\/352\/revisions"}],"predecessor-version":[{"id":5214,"href":"http:\/\/www.matiaspinto.cl\/index.php?rest_route=\/wp\/v2\/pages\/352\/revisions\/5214"}],"wp:attachment":[{"href":"http:\/\/www.matiaspinto.cl\/index.php?rest_route=%2Fwp%2Fv2%2Fmedia&parent=352"}],"curies":[{"name":"wp","href":"https:\/\/api.w.org\/{rel}","templated":true}]}}