{"id":4734,"date":"2024-08-14T00:55:24","date_gmt":"2024-08-14T00:55:24","guid":{"rendered":"https:\/\/www.matiaspinto.cl\/?page_id=4734"},"modified":"2024-08-14T15:13:07","modified_gmt":"2024-08-14T15:13:07","slug":"iaap-word-cup-2023","status":"publish","type":"page","link":"https:\/\/www.matiaspinto.cl\/?page_id=4734","title":{"rendered":"IAAP World cup 2023"},"content":{"rendered":"\n<p>A continuaci\u00f3n, podr\u00e1s apreciar las fotograf\u00edas galardonadas en el Sal\u00f3n Chile Creativo 2022, en las categor\u00edas de Color Libre . <br><br>&#8211; Aceptaci\u00f3n <br><br>Fotograf\u00edas disponibles para la venta de arte fine art.<br><\/p>\n\n\n\n<figure class=\"wp-container-2 wp-block-gallery-1 wp-block-gallery has-nested-images columns-default is-cropped\">\n<figure class=\"wp-block-image size-large\"><a href=\"https:\/\/www.matiaspinto.cl\/wp-content\/uploads\/2024\/08\/Cerro-Arenas-1.jpg\"><img loading=\"lazy\" width=\"1024\" height=\"681\" data-id=\"4735\"  src=\"https:\/\/www.matiaspinto.cl\/wp-content\/uploads\/2024\/08\/Cerro-Arenas-1-1024x681.jpg\" alt=\"\" class=\"wp-image-4735\" srcset=\"https:\/\/www.matiaspinto.cl\/wp-content\/uploads\/2024\/08\/Cerro-Arenas-1-1024x681.jpg 1024w, https:\/\/www.matiaspinto.cl\/wp-content\/uploads\/2024\/08\/Cerro-Arenas-1-300x200.jpg 300w, https:\/\/www.matiaspinto.cl\/wp-content\/uploads\/2024\/08\/Cerro-Arenas-1-768x511.jpg 768w, https:\/\/www.matiaspinto.cl\/wp-content\/uploads\/2024\/08\/Cerro-Arenas-1-1536x1022.jpg 1536w, https:\/\/www.matiaspinto.cl\/wp-content\/uploads\/2024\/08\/Cerro-Arenas-1-750x500.jpg 750w, https:\/\/www.matiaspinto.cl\/wp-content\/uploads\/2024\/08\/Cerro-Arenas-1-555x369.jpg 555w, https:\/\/www.matiaspinto.cl\/wp-content\/uploads\/2024\/08\/Cerro-Arenas-1.jpg 1623w\" sizes=\"(max-width: 1024px) 100vw, 1024px\" \/><\/a><\/figure>\n<\/figure>\n","protected":false},"excerpt":{"rendered":"<p>A continuaci\u00f3n, podr\u00e1s apreciar las fotograf\u00edas galardonadas en el Sal\u00f3n Chile Creativo 2022, en las categor\u00edas de Color Libre . &#8211; Aceptaci\u00f3n Fotograf\u00edas disponibles para la venta de arte fine art.<\/p>\n","protected":false},"author":2,"featured_media":0,"parent":0,"menu_order":0,"comment_status":"closed","ping_status":"closed","template":"","meta":[],"_links":{"self":[{"href":"https:\/\/www.matiaspinto.cl\/index.php?rest_route=\/wp\/v2\/pages\/4734"}],"collection":[{"href":"https:\/\/www.matiaspinto.cl\/index.php?rest_route=\/wp\/v2\/pages"}],"about":[{"href":"https:\/\/www.matiaspinto.cl\/index.php?rest_route=\/wp\/v2\/types\/page"}],"author":[{"embeddable":true,"href":"https:\/\/www.matiaspinto.cl\/index.php?rest_route=\/wp\/v2\/users\/2"}],"replies":[{"embeddable":true,"href":"https:\/\/www.matiaspinto.cl\/index.php?rest_route=%2Fwp%2Fv2%2Fcomments&post=4734"}],"version-history":[{"count":2,"href":"https:\/\/www.matiaspinto.cl\/index.php?rest_route=\/wp\/v2\/pages\/4734\/revisions"}],"predecessor-version":[{"id":4738,"href":"https:\/\/www.matiaspinto.cl\/index.php?rest_route=\/wp\/v2\/pages\/4734\/revisions\/4738"}],"wp:attachment":[{"href":"https:\/\/www.matiaspinto.cl\/index.php?rest_route=%2Fwp%2Fv2%2Fmedia&parent=4734"}],"curies":[{"name":"wp","href":"https:\/\/api.w.org\/{rel}","templated":true}]}}